{"id":24,"date":"2021-11-28T04:31:07","date_gmt":"2021-11-28T03:31:07","guid":{"rendered":"https:\/\/sifuludovic.com\/?page_id=24"},"modified":"2023-01-09T09:30:06","modified_gmt":"2023-01-09T08:30:06","slug":"le-nouveau-e-mucem-ouvre-ses-portes-2","status":"publish","type":"page","link":"https:\/\/sifuludovic.com\/","title":{"rendered":"Sifu Ludovic"},"content":{"rendered":"\n<div class=\"is-layout-flow wp-block-group alignwide\"><div class=\"wp-block-group__inner-container\">\n<h2 class=\"has-text-align-center\">Qi Gong . Pranayama<\/h2>\n\n\n\n<p class=\"has-text-align-center\">Well being by mastering the energies.<\/p>\n<\/div><\/div>\n\n\n\n<div class=\"is-layout-flex wp-container-8 wp-block-columns alignwide\">\n<div class=\"is-layout-flow wp-block-column\">\n<div class=\"is-layout-flow wp-block-group\"><div class=\"wp-block-group__inner-container\">\n<figure class=\"wp-block-image alignfull size-full\"><img decoding=\"async\" src=\"https:\/\/sifuludovic.com\/wp-content\/themes\/twentytwenty\/assets\/images\/2020-three-quarters-1.png\" alt=\"\" class=\"wp-image-37\"\/><\/figure>\n\n\n\n<h3>Travaux et jours<\/h3>\n\n\n\n<p>1er ao\u00fbt au 1er d\u00e9cembre<\/p>\n\n\n\n<div class=\"wp-block-button is-style-outline\"><a class=\"wp-block-button__link wp-element-button\" href=\"https:\/\/make.wordpress.org\/core\/2019\/09\/27\/block-editor-theme-related-updates-in-wordpress-5-3\/\">Lire la suite<\/a><\/div>\n<\/div><\/div>\n\n\n\n<div class=\"is-layout-flow wp-block-group\"><div class=\"wp-block-group__inner-container\">\n<figure class=\"wp-block-image alignfull size-full\"><img decoding=\"async\" src=\"https:\/\/sifuludovic.com\/wp-content\/themes\/twentytwenty\/assets\/images\/2020-three-quarters-3.png\" alt=\"\" class=\"wp-image-37\"\/><\/figure>\n\n\n\n<h3>Th\u00e9\u00e2tre des op\u00e9rations<\/h3>\n\n\n\n<p>1er octobre au 1er d\u00e9cembre<\/p>\n\n\n\n<div class=\"wp-block-button is-style-outline\"><a class=\"wp-block-button__link wp-element-button\" href=\"https:\/\/make.wordpress.org\/core\/2019\/09\/27\/block-editor-theme-related-updates-in-wordpress-5-3\/\">Lire la suite<\/a><\/div>\n<\/div><\/div>\n<\/div>\n\n\n\n<div class=\"is-layout-flow wp-block-column\">\n<div class=\"is-layout-flow wp-block-group\"><div class=\"wp-block-group__inner-container\">\n<figure class=\"wp-block-image alignfull size-full\"><img decoding=\"async\" src=\"https:\/\/sifuludovic.com\/wp-content\/themes\/twentytwenty\/assets\/images\/2020-three-quarters-2.png\" alt=\"\" class=\"wp-image-37\"\/><\/figure>\n\n\n\n<h3>La vie que je m\u00e9rite<\/h3>\n\n\n\n<p>1er ao\u00fbt au 1er d\u00e9cembre<\/p>\n\n\n\n<div class=\"wp-block-button is-style-outline\"><a class=\"wp-block-button__link wp-element-button\" href=\"https:\/\/make.wordpress.org\/core\/2019\/09\/27\/block-editor-theme-related-updates-in-wordpress-5-3\/\">Lire la suite<\/a><\/div>\n<\/div><\/div>\n\n\n\n<div class=\"is-layout-flow wp-block-group\"><div class=\"wp-block-group__inner-container\">\n<figure class=\"wp-block-image alignfull size-full\"><img decoding=\"async\" src=\"https:\/\/sifuludovic.com\/wp-content\/themes\/twentytwenty\/assets\/images\/2020-three-quarters-4.png\" alt=\"\" class=\"wp-image-37\"\/><\/figure>\n\n\n\n<h3>De Signac \u00e0 Matisse<\/h3>\n\n\n\n<p>1er octobre au 1er d\u00e9cembre<\/p>\n\n\n\n<div class=\"wp-block-button is-style-outline\"><a class=\"wp-block-button__link wp-element-button\" href=\"https:\/\/make.wordpress.org\/core\/2019\/09\/27\/block-editor-theme-related-updates-in-wordpress-5-3\/\">Lire la suite<\/a><\/div>\n<\/div><\/div>\n<\/div>\n<\/div>\n\n\n\n<figure class=\"wp-block-image alignfull size-full\"><img decoding=\"async\" src=\"https:\/\/sifuludovic.com\/wp-content\/themes\/twentytwenty\/assets\/images\/2020-landscape-2.png\" alt=\"\" class=\"wp-image-37\"\/><\/figure>\n\n\n\n<div class=\"is-layout-flow wp-block-group alignwide\"><div class=\"wp-block-group__inner-container\">\n<h2 class=\"has-text-align-center has-accent-color has-text-color\">\u00ab&nbsp;Les cyborgs, comme l\u2019a fait remarquer la philosophe Donna Haraway, ne sont pas respectueux. Ils ne se souviennent pas du cosmos.&nbsp;\u00bb<\/h2>\n<\/div><\/div>\n\n\n\n<p class=\"has-drop-cap\">Avec ses sept \u00e9tages d\u2019architecture remarquable, le E-Mucem pr\u00e9sente des expositions d\u2019art contemporain international, parfois accompagn\u00e9es de r\u00e9trospectives sur l\u2019histoire de l\u2019art. Les questions existentielles, politiques et philosophiques font partie int\u00e9grante de notre programme. En tant que visiteur, vous \u00eates invit\u00e9 \u00e0 des visites guid\u00e9es, des conf\u00e9rences, des projections de films et d\u2019autres \u00e9v\u00e8nements avec entr\u00e9e gratuite.<\/p>\n\n\n\n<p>Les expositions sont produites par le E-Mucem en collaboration avec des artistes et des mus\u00e9es du monde entier et attirent souvent l\u2019attention internationale. Le E-Mucem a re\u00e7u une mention sp\u00e9ciale du Mus\u00e9e europ\u00e9en de l\u2019ann\u00e9e et a \u00e9t\u00e9 l\u2019un des meilleurs candidats pour le Prix du Mus\u00e9e m\u00e9diterran\u00e9en de l\u2019ann\u00e9e ainsi que pour le Prix du Mus\u00e9e du Conseil de l\u2019Europe.<\/p>\n\n\n\n<p><\/p>\n\n\n\n<div class=\"is-layout-flow wp-block-group alignwide has-background\" style=\"background-color:#ffffff\"><div class=\"wp-block-group__inner-container\">\n<div class=\"is-layout-flow wp-block-group\"><div class=\"wp-block-group__inner-container\">\n<h2 class=\"has-text-align-center\">Devenez membre et obtenez des offres exclusives&nbsp;!<\/h2>\n\n\n\n<p class=\"has-text-align-center\">Les adh\u00e9rent\u00b7es ont acc\u00e8s \u00e0 des expositions et des ventes exclusives. Notre abonnement co\u00fbtent $99.99 et est factur\u00e9 annuellement.<\/p>\n\n\n\n<div class=\"wp-block-button aligncenter\"><a class=\"wp-block-button__link wp-element-button\" href=\"https:\/\/make.wordpress.org\/core\/2019\/09\/27\/block-editor-theme-related-updates-in-wordpress-5-3\/\">Rejoignez le club<\/a><\/div>\n<\/div><\/div>\n<\/div><\/div>\n\n\n\n<figure class=\"is-layout-flex wp-block-gallery-12 wp-block-gallery alignwide has-nested-images columns-default is-cropped\">\n<figure class=\"wp-block-image size-large\"><img decoding=\"async\" data-id=\"39\"  src=\"https:\/\/sifuludovic.com\/wp-content\/themes\/twentytwenty\/assets\/images\/2020-square-2.png\" alt=\"\" class=\"wp-image-39\"\/><\/figure>\n\n\n\n<figure class=\"wp-block-image size-large\"><img decoding=\"async\" data-id=\"38\"  src=\"https:\/\/sifuludovic.com\/wp-content\/themes\/twentytwenty\/assets\/images\/2020-square-1.png\" alt=\"\" class=\"wp-image-38\"\/><\/figure>\n<\/figure>\n","protected":false},"excerpt":{"rendered":"<p>Qi Gong . Pranayama Well being by mastering the energies. Travaux et jours 1er ao\u00fbt au 1er d\u00e9cembre Th\u00e9\u00e2tre des op\u00e9rations 1er octobre au 1er d\u00e9cembre La vie que je m\u00e9rite 1er ao\u00fbt au 1er d\u00e9cembre De Signac \u00e0 Matisse 1er octobre au 1er d\u00e9cembre \u00ab&nbsp;Les cyborgs, comme l\u2019a fait remarquer la philosophe Donna Haraway, [&hellip;]<\/p>\n","protected":false},"author":1,"featured_media":101,"parent":0,"menu_order":0,"comment_status":"closed","ping_status":"closed","template":"","meta":[],"_links":{"self":[{"href":"https:\/\/sifuludovic.com\/index.php\/wp-json\/wp\/v2\/pages\/24"}],"collection":[{"href":"https:\/\/sifuludovic.com\/index.php\/wp-json\/wp\/v2\/pages"}],"about":[{"href":"https:\/\/sifuludovic.com\/index.php\/wp-json\/wp\/v2\/types\/page"}],"author":[{"embeddable":true,"href":"https:\/\/sifuludovic.com\/index.php\/wp-json\/wp\/v2\/users\/1"}],"replies":[{"embeddable":true,"href":"https:\/\/sifuludovic.com\/index.php\/wp-json\/wp\/v2\/comments?post=24"}],"version-history":[{"count":3,"href":"https:\/\/sifuludovic.com\/index.php\/wp-json\/wp\/v2\/pages\/24\/revisions"}],"predecessor-version":[{"id":103,"href":"https:\/\/sifuludovic.com\/index.php\/wp-json\/wp\/v2\/pages\/24\/revisions\/103"}],"wp:featuredmedia":[{"embeddable":true,"href":"https:\/\/sifuludovic.com\/index.php\/wp-json\/wp\/v2\/media\/101"}],"wp:attachment":[{"href":"https:\/\/sifuludovic.com\/index.php\/wp-json\/wp\/v2\/media?parent=24"}],"curies":[{"name":"wp","href":"https:\/\/api.w.org\/{rel}","templated":true}]}}